{"id":9776,"date":"2020-08-26T13:06:05","date_gmt":"2020-08-26T13:06:05","guid":{"rendered":"https:\/\/dentalclermont.com\/bone-grafts\/"},"modified":"2026-04-01T12:20:48","modified_gmt":"2026-04-01T16:20:48","slug":"bone-grafts","status":"publish","type":"page","link":"https:\/\/dentalclermont.com\/es\/bone-grafts\/","title":{"rendered":"Injertos \u00f3seos"},"content":{"rendered":"<div id=\"cs-content\" class=\"cs-content\"><div class=\"x-section e9776-e1 m7jk-0 m7jk-1 m7jk-2 m7jk-3 m7jk-8 hero_video\"><div class=\"x-bg\"><div class=\"x-bg-layer-lower-img\"><img sizes=\"(max-width: 1300px) 100vw, 1300px\" srcset=\"https:\/\/dentalclermont.com\/wp-content\/uploads\/sites\/13\/2021\/04\/HCD_BoneGraft-Hero.jpg 1300w, https:\/\/dentalclermont.com\/wp-content\/uploads\/sites\/13\/2021\/04\/HCD_BoneGraft-Hero-300x208.jpg 300w, https:\/\/dentalclermont.com\/wp-content\/uploads\/sites\/13\/2021\/04\/HCD_BoneGraft-Hero-1024x709.jpg 1024w, https:\/\/dentalclermont.com\/wp-content\/uploads\/sites\/13\/2021\/04\/HCD_BoneGraft-Hero-768x532.jpg 768w, https:\/\/dentalclermont.com\/wp-content\/uploads\/sites\/13\/2021\/04\/HCD_BoneGraft-Hero-18x12.jpg 18w, https:\/\/dentalclermont.com\/wp-content\/uploads\/sites\/13\/2021\/04\/HCD_BoneGraft-Hero-100x69.jpg 100w\" decoding=\"async\" src=\"\/wp-content\/uploads\/2021\/04\/HCD_BoneGraft-Hero.jpg\" alt=\"An older man with gray hair is eating corn on the cob outdoors, holding it with both hands. The background is blurred greenery, suggesting a sunny day.\"\/><\/div><div class=\"x-bg-layer-upper-color\" aria-hidden=\"true\"><\/div><\/div><div class=\"x-row x-container max width e9776-e2 m7jk-b m7jk-c m7jk-d m7jk-e m7jk-f m7jk-o m7jk-p\"><div class=\"x-row-inner\"><div class=\"x-col e9776-e3 m7jk-x m7jk-y m7jk-z m7jk-10 m7jk-11 m7jk-12 m7jk-13\"><div class=\"x-div e9776-e4 m7jk-1c\"><div class=\"x-text x-content e9776-e5 m7jk-1d m7jk-1e m7jk-1f m7jk-1g m7jk-1h m7jk-1i m7jk-1j m7jk-1k\"><p class=\"p9px txt_white\">Se Habla Espa\u00f1ol<br>On Parle Fran\u00e7ais<\/p><\/div><div class=\"x-text x-content e9776-e6 m7jk-1d m7jk-1e m7jk-1f m7jk-1g m7jk-1h m7jk-1i m7jk-1j m7jk-1k\"><p class=\"p9px txt_white\">Citas de urgencia disponibles<\/p><\/div><\/div><div class=\"x-text x-content e9776-e7 m7jk-1d m7jk-1f m7jk-1h m7jk-1i m7jk-1k m7jk-1l\"><a class=\"x-image\" href=\"\/es\/homepage\/\" style=\"outline: none;\"><img sizes=\"(max-width: 960px) 100vw, 960px\" srcset=\"https:\/\/dentalclermont.com\/wp-content\/uploads\/sites\/13\/2025\/09\/GPI-0128-001_CMD_White_960x173.png 960w, https:\/\/dentalclermont.com\/wp-content\/uploads\/sites\/13\/2025\/09\/GPI-0128-001_CMD_White_960x173-300x54.png 300w, https:\/\/dentalclermont.com\/wp-content\/uploads\/sites\/13\/2025\/09\/GPI-0128-001_CMD_White_960x173-768x138.png 768w, https:\/\/dentalclermont.com\/wp-content\/uploads\/sites\/13\/2025\/09\/GPI-0128-001_CMD_White_960x173-18x3.png 18w, https:\/\/dentalclermont.com\/wp-content\/uploads\/sites\/13\/2025\/09\/GPI-0128-001_CMD_White_960x173-100x18.png 100w\" decoding=\"async\" src=\"https:\/\/dentalclermont.com\/wp-content\/uploads\/sites\/13\/2025\/09\/GPI-0128-001_CMD_White_960x173.png\" width=\"480\" height=\"86\" alt=\"Clermont Dentistry Logo\" loading=\"lazy\"><\/a><\/div><\/div><\/div><\/div><div class=\"x-row x-container max width e9776-e8 m7jk-b m7jk-d m7jk-e m7jk-f m7jk-g m7jk-o m7jk-q\"><div class=\"x-row-inner\"><div class=\"x-col e9776-e9 m7jk-x m7jk-z m7jk-11 m7jk-12 m7jk-13 m7jk-14\"><div class=\"x-text x-content e9776-e10 m7jk-1d m7jk-1f m7jk-1h m7jk-1i m7jk-1j m7jk-1m m7jk-1n\"><h1 class=\"txt_white\">Injertos \u00d3seos en Clermont<\/h1><\/div><\/div><\/div><\/div><\/div><div class=\"x-section e9776-e11 m7jk-0 m7jk-2 m7jk-4 m7jk-5\" style=\"--tco-dc7jk-1:rgb(0, 0, 0);--tco-dc7jk-4:rgb(0, 0, 0);\"><div class=\"x-row x-container max width e9776-e12 m7jk-b m7jk-d m7jk-e m7jk-f m7jk-h m7jk-i m7jk-o m7jk-r\" style=\"--tco-dc7jk-7:rgb(0, 0, 0);--tco-dc7jk-a:rgb(0, 0, 0);--tco-dc7jk-d:rgb(0, 0, 0);\"><div class=\"x-row-inner\"><div class=\"x-col e9776-e13 m7jk-x m7jk-y m7jk-11 m7jk-12 m7jk-13 m7jk-15 m7jk-16 m7jk-17\"><div class=\"x-text x-content e9776-e14 m7jk-1d m7jk-1m m7jk-1o m7jk-1p m7jk-1q m7jk-1r m7jk-1s\"><h2>Las enfermedades de las enc\u00edas son la principal causa de la p\u00e9rdida de hueso en la boca, pero las dentaduras postizas mal ajustadas y los traumatismos faciales tambi\u00e9n son culpables.<\/h2><\/div><div class=\"x-text x-content e9776-e15 m7jk-1d m7jk-1e m7jk-1o m7jk-1q m7jk-1r m7jk-1s m7jk-1t\"><p class=\"pdefault\">La cirug\u00eda de injerto \u00f3seo es una excelente forma de sustituir o aumentar el hueso perdido, as\u00ed como de fomentar el crecimiento natural.<\/p>\n<p class=\"pdefault\">Es posible que necesite un injerto \u00f3seo para crear una base estable para los implantes dentales, detener la progresi\u00f3n de la enfermedad de las enc\u00edas o hacer que su sonrisa sea m\u00e1s agradable a la vista.<\/p>\n<p class=\"pdefault\">Los injertos \u00f3seos son un procedimiento dental habitual que puede realizarse bajo sedaci\u00f3n dental. Usted no debe tener ning\u00fan dolor como el injerto se cura, y usted estar\u00e1 listo para sus implantes dentales una vez completamente curado.<\/p><\/div><\/div><div class=\"x-col e9776-e16 m7jk-x m7jk-y m7jk-z m7jk-11 m7jk-12 m7jk-18\"><div class=\"x-bg\"><div class=\"x-bg-layer-lower-img\"><img sizes=\"(max-width: 900px) 100vw, 900px\" srcset=\"https:\/\/dentalclermont.com\/wp-content\/uploads\/sites\/13\/2021\/12\/master_spl_BoneGraph.jpg 900w, https:\/\/dentalclermont.com\/wp-content\/uploads\/sites\/13\/2021\/12\/master_spl_BoneGraph-300x300.jpg 300w, https:\/\/dentalclermont.com\/wp-content\/uploads\/sites\/13\/2021\/12\/master_spl_BoneGraph-150x150.jpg 150w, https:\/\/dentalclermont.com\/wp-content\/uploads\/sites\/13\/2021\/12\/master_spl_BoneGraph-768x768.jpg 768w, https:\/\/dentalclermont.com\/wp-content\/uploads\/sites\/13\/2021\/12\/master_spl_BoneGraph-12x12.jpg 12w, https:\/\/dentalclermont.com\/wp-content\/uploads\/sites\/13\/2021\/12\/master_spl_BoneGraph-100x100.jpg 100w\" decoding=\"async\" src=\"\/wp-content\/uploads\/2021\/12\/master_spl_BoneGraph.jpg\" alt=\"A woman with her hair in a ponytail stretches her right arm across her chest while sitting indoors, eyes closed, appearing relaxed. A blue couch is visible in the background.\"\/><\/div><\/div><\/div><\/div><\/div><div class=\"x-row x-container max width e9776-e17 m7jk-b m7jk-d m7jk-h m7jk-j m7jk-s m7jk-t\" style=\"--tco-dc7jk-g:rgb(39, 72, 122);--tco-dc7jk-j:rgb(39, 72, 122);\"><div class=\"x-row-inner\"><div class=\"x-col e9776-e18 m7jk-x m7jk-y m7jk-z m7jk-11 m7jk-12 m7jk-13 m7jk-16\"><div class=\"x-text x-content e9776-e19 m7jk-1d m7jk-1i m7jk-1j m7jk-1m m7jk-1o m7jk-1p m7jk-1q m7jk-1u m7jk-9 x-effect-exit\" data-x-effect=\"{&quot;scroll&quot;:true,&quot;offsetTop&quot;:&quot;10%&quot;,&quot;offsetBottom&quot;:&quot;10%&quot;,&quot;behaviorScroll&quot;:&quot;fire-once&quot;,&quot;animationEnter&quot;:&quot;fadeInUp&quot;,&quot;animationExit&quot;:&quot;fadeOutUp&quot;}\"><h3 class=\"txt_white\">Un injerto \u00f3seo es potencialmente el primer paso para disfrutar de su nuevo diente de sustituci\u00f3n.<\/h3><\/div><div class=\"x-text x-content e9776-e20 m7jk-1d m7jk-1e m7jk-1i m7jk-1j m7jk-1o m7jk-1q m7jk-1t m7jk-1u m7jk-9 x-effect-exit\" data-x-effect=\"{&quot;scroll&quot;:true,&quot;offsetTop&quot;:&quot;10%&quot;,&quot;offsetBottom&quot;:&quot;10%&quot;,&quot;behaviorScroll&quot;:&quot;fire-once&quot;,&quot;animationEnter&quot;:&quot;fadeInDown&quot;,&quot;animationExit&quot;:&quot;rollOut&quot;}\"><p class=\"pdefault txt_white\">Nuestros dentistas pueden explicarle con m\u00e1s detalle las opciones que tiene y recomendarle la mejor soluci\u00f3n.<\/p><\/div><\/div><\/div><\/div><\/div><div class=\"x-section e9776-e21 m7jk-0 m7jk-4 m7jk-6\" style=\"--tco-dc7jk-m:rgb(0, 0, 0);--tco-dc7jk-p:rgb(0, 0, 0);\"><div class=\"x-row x-container max width e9776-e22 m7jk-b m7jk-k m7jk-l m7jk-s m7jk-u\"><div class=\"x-bg\"><div class=\"x-bg-layer-lower-img\"><img decoding=\"async\" src=\"\/wp-content\/uploads\/2022\/02\/bonegrafts_secondaryheader_dbd.jpg\" alt=\"A smiling couple sits on a couch at home, looking at a smartphone together. The background shows a bright, cozy kitchen with shelves, plants, and kitchenware.\"\/><\/div><\/div><div class=\"x-row-inner\"><div class=\"x-col e9776-e23 m7jk-x m7jk-y m7jk-12 m7jk-15 m7jk-16 m7jk-19\" style=\"--tco-dc7jk-s:rgba(95, 193, 241, .7);--tco-dc7jk-v:rgba(95, 193, 241, .7);\"><div class=\"x-text x-content e9776-e24 m7jk-1d m7jk-1i m7jk-1m m7jk-1o m7jk-1p m7jk-1q m7jk-1v m7jk-1w\"><h3 class=\"txt_white\">Para saber si el injerto \u00f3seo y los implantes dentales<\/h3><\/div><div class=\"x-text x-content e9776-e25 m7jk-1d m7jk-1e m7jk-1i m7jk-1o m7jk-1q m7jk-1t m7jk-1v m7jk-1w\"><p class=\"pdefault txt_white\">son adecuados para su sonrisa, ll\u00e1menos hoy mismo para una consulta.<\/p><\/div><\/div><div class=\"x-col x-hide-md x-hide-sm x-hide-xs e9776-e26 m7jk-12 m7jk-13 m7jk-1a\" style=\"--tco-dc7jk-y:rgba(95, 193, 241, .7);\"><\/div><\/div><\/div><div class=\"x-row x-container max width e9776-e27 m7jk-b m7jk-d m7jk-e m7jk-f m7jk-h m7jk-m m7jk-o m7jk-v\" style=\"--tco-dc7jk-11:rgb(0, 0, 0);--tco-dc7jk-14:rgb(0, 0, 0);\"><div class=\"x-row-inner\"><div class=\"x-col e9776-e28 m7jk-x m7jk-y m7jk-11 m7jk-12 m7jk-13 m7jk-15 m7jk-16 m7jk-17 m7jk-1b\"><div class=\"x-text x-content e9776-e29 m7jk-1d m7jk-1f m7jk-1i m7jk-1m m7jk-1p m7jk-1q m7jk-1u m7jk-1v m7jk-9 m7jk-a x-effect-exit\" data-x-effect=\"{&quot;scroll&quot;:true,&quot;offsetTop&quot;:&quot;10%&quot;,&quot;offsetBottom&quot;:&quot;10%&quot;,&quot;behaviorScroll&quot;:&quot;fire-once&quot;}\"><h2>Ventajas de los injertos \u00f3seos<\/h2><\/div><div class=\"x-acc e9776-e30 m7jk-1x\" id=\"x-acc-e9776-e30\" style=\"--tco-dc7jk-17:rgb(0, 0, 0);--tco-dc7jk-19:rgb(35, 102, 139);--tco-dc7jk-1c:rgb(228,139,106);\"><div class=\"e9776-e31 x-acc-item\"><button id=\"tab-e9776-e31\" class=\"x-acc-header\" role=\"button\" type=\"button\" aria-expanded=\"false\" aria-controls=\"panel-e9776-e31\" data-x-toggle=\"collapse\" data-x-toggleable=\"e9776-e31\" data-x-toggle-group=\"e9776-e30\"><span class=\"x-acc-header-content\"><span class=\"x-acc-header-indicator\">\u25b8<\/span><span class=\"x-acc-header-text\"><prolldown>Restaurar la estructura \u00f3sea facial<\/prolldown><\/span><\/span><\/button><div id=\"panel-e9776-e31\" role=\"region\" aria-hidden=\"true\" aria-labelledby=\"tab-e9776-e31\" data-x-toggleable=\"e9776-e31\" data-x-toggle-collapse=\"1\" class=\"x-collapsed\"><div class=\"x-acc-content\"><p class=\"pdefault p_dropdown\">La p\u00e9rdida de hueso como consecuencia de la ausencia o retracci\u00f3n de los dientes puede hacer que los rasgos faciales se desplacen y caigan con el tiempo. Un injerto puede reemplazar el hueso perdido y proporcionar fuerza de nuevo en su mand\u00edbula.<\/p><\/div><\/div><\/div><div class=\"e9776-e32 x-acc-item\"><button id=\"tab-e9776-e32\" class=\"x-acc-header\" role=\"button\" type=\"button\" aria-expanded=\"false\" aria-controls=\"panel-e9776-e32\" data-x-toggle=\"collapse\" data-x-toggleable=\"e9776-e32\" data-x-toggle-group=\"e9776-e30\"><span class=\"x-acc-header-content\"><span class=\"x-acc-header-indicator\">\u25b8<\/span><span class=\"x-acc-header-text\"><prolldown>Una base s\u00f3lida para los implantes dentales<\/prolldown><\/span><\/span><\/button><div id=\"panel-e9776-e32\" role=\"region\" aria-hidden=\"true\" aria-labelledby=\"tab-e9776-e32\" data-x-toggleable=\"e9776-e32\" data-x-toggle-collapse=\"1\" class=\"x-collapsed\"><div class=\"x-acc-content\"><p class=\"pdefault p_dropdown\">El injerto \u00f3seo refuerza el hueso de su mand\u00edbula, por lo que es un anclaje resistente para implantes, dentaduras postizas y coronas. El hueso reforzado tambi\u00e9n favorece el aspecto y la utilidad del aparato dental.<\/p><\/div><\/div><\/div><div class=\"e9776-e33 x-acc-item\"><button id=\"tab-e9776-e33\" class=\"x-acc-header\" role=\"button\" type=\"button\" aria-expanded=\"false\" aria-controls=\"panel-e9776-e33\" data-x-toggle=\"collapse\" data-x-toggleable=\"e9776-e33\" data-x-toggle-group=\"e9776-e30\"><span class=\"x-acc-header-content\"><span class=\"x-acc-header-indicator\">\u25b8<\/span><span class=\"x-acc-header-text\"><prolldown>Aumente la salud de su boca<\/prolldown><\/span><\/span><\/button><div id=\"panel-e9776-e33\" role=\"region\" aria-hidden=\"true\" aria-labelledby=\"tab-e9776-e33\" data-x-toggleable=\"e9776-e33\" data-x-toggle-collapse=\"1\" class=\"x-collapsed\"><div class=\"x-acc-content\"><p class=\"pdefault p_dropdown\">Los injertos reconstruyen el hueso perdido debido a una deficiencia sinusal, tumores o infecciones bacterianas. Tambi\u00e9n los utilizamos cuando se ha producido un traumatismo, una lesi\u00f3n o una desalineaci\u00f3n.<\/p><\/div><\/div><\/div><\/div><div class=\"x-text x-content e9776-e34 m7jk-1d m7jk-1e m7jk-1i m7jk-1j m7jk-1o m7jk-1q m7jk-1s m7jk-1t\"><p class=\"pdefault\"><b>El equipo de Clermont Dentistry est\u00e1 deseando cuidar de su sonrisa.<\/b><\/p><\/div><\/div><\/div><\/div><\/div><div class=\"x-section e9776-e35 m7jk-0 m7jk-1 m7jk-2 m7jk-7\"><div class=\"x-row e9776-e36 m7jk-b m7jk-f m7jk-k m7jk-n m7jk-o m7jk-w\"><div class=\"x-row-inner\"><div class=\"x-col e9776-e37 m7jk-12 m7jk-13\"><div class=\"cs-content x-global-block x-global-block-9887 e9887-e0\"><div class=\"x-section e9887-e2 m7mn-0\" style=\"--tco-dc7mn-1:rgb(0, 0, 0);--tco-dc7mn-4:rgb(0, 0, 0);\"><div class=\"x-row x-container max width e9887-e3 m7mn-1 m7mn-2 m7mn-3\"><div class=\"x-row-inner\"><div class=\"x-col e9887-e4 m7mn-5 m7mn-6 m7mn-7\"><div class=\"x-text x-content e9887-e5 m7mn-a m7mn-b\"><h2>Opciones de pago flexibles<\/h2>\n<h3>Para una atenci\u00f3n dental de alta calidad en Clermont<\/h3><\/div><div class=\"x-text x-content e9887-e6 m7mn-a m7mn-c\"><p class=\"pdefault\">Para su comodidad, Clermont Odontolog\u00eda acepta:<\/p>\n\n<ul>\n \t<li class=\"pdefault\">Una amplia gama de planes de seguro dental PPO -<span>\u00a0<\/span><a href=\"\/es\/insurances-we-accept\/\" target=\"_self\"><b>pulse aqu\u00ed<\/b> para ver qu\u00e9 seguros aceptamos<\/a><\/li>\n \t<li class=\"pdefault\">Plan interno de descuentos y ofertas especiales para pacientes sin seguro m\u00e9dico<\/li>\n \t<li class=\"pdefault\">Efectivo y cheque<\/li>\n \t<li class=\"pdefault\">Todas las principales tarjetas de cr\u00e9dito, incluidas MasterCard, VISA, Discover, American Express, etc.<\/li>\n<\/ul>\n<p class=\"pdefault\"><b>NO aceptamos planes HMO ni Medicaid.<\/b><\/p><\/div><\/div><div class=\"x-col e9887-e7 m7mn-5 m7mn-8 m7mn-9\"><a class=\"x-image e9887-e8 m7mn-e\" href=\"https:\/\/apply.sunbit.com\/ClermontDentistry\" target=\"_blank\" rel=\"noopener noreferrer\"><img sizes=\"(max-width: 600px) 100vw, 600px\" srcset=\"https:\/\/dentalclermont.com\/wp-content\/uploads\/sites\/13\/2025\/11\/Dntl_Web_600x500-1.png 600w, https:\/\/dentalclermont.com\/wp-content\/uploads\/sites\/13\/2025\/11\/Dntl_Web_600x500-1-300x250.png 300w, https:\/\/dentalclermont.com\/wp-content\/uploads\/sites\/13\/2025\/11\/Dntl_Web_600x500-1-14x12.png 14w, https:\/\/dentalclermont.com\/wp-content\/uploads\/sites\/13\/2025\/11\/Dntl_Web_600x500-1-100x83.png 100w\" decoding=\"async\" src=\"https:\/\/dentalclermont.com\/wp-content\/uploads\/sites\/13\/2025\/11\/Dntl_Web_600x500-1.png\" width=\"300\" height=\"250\" alt=\"Smile now, Pay-over-time with sunbit\"><\/a><\/div><\/div><\/div><\/div><\/div><\/div><\/div><\/div><\/div><\/div>","protected":false},"excerpt":{"rendered":"<p>Injerto \u00f3seo dentista cerca de m\u00ed. Atenci\u00f3n de emergencia dental y dolor de dientes en Clermont, Florida. \u00a1Contacte con nosotros en 352-322-4646 para obtener ayuda ahora!<\/p>","protected":false},"author":2,"featured_media":0,"parent":0,"menu_order":0,"comment_status":"closed","ping_status":"closed","template":"template-blank-4.php","meta":{"footnotes":""},"class_list":["post-9776","page","type-page","status-publish","hentry","no-post-thumbnail"],"aioseo_notices":[],"aioseo_head":"\n\t\t<!-- All in One SEO Pro 4.9.5.1 - aioseo.com -->\n\t<meta name=\"description\" content=\"Bone graft dentist near me. Dental emergency and tooth pain care in Clermont, Florida. Contact us at 352-322-4646 to get help now!\" \/>\n\t<meta name=\"robots\" content=\"max-image-preview:large\" \/>\n\t<link rel=\"canonical\" href=\"https:\/\/dentalclermont.com\/es\/bone-grafts\/\" \/>\n\t<meta name=\"generator\" content=\"All in One SEO Pro (AIOSEO) 4.9.5.1\" \/>\n\t\t<meta property=\"og:locale\" content=\"es_ES\" \/>\n\t\t<meta property=\"og:site_name\" content=\"Clermont Dentistry - We do great dentistry!\" \/>\n\t\t<meta property=\"og:type\" content=\"article\" \/>\n\t\t<meta property=\"og:title\" content=\"Bone Grafts - Clermont Dentistry - Clermont Dentist Near You\" \/>\n\t\t<meta property=\"og:description\" content=\"Bone graft dentist near me. Dental emergency and tooth pain care in Clermont, Florida. Contact us at 352-322-4646 to get help now!\" \/>\n\t\t<meta property=\"og:url\" content=\"https:\/\/dentalclermont.com\/es\/bone-grafts\/\" \/>\n\t\t<meta property=\"og:image\" content=\"https:\/\/dentalclermont.com\/wp-content\/uploads\/sites\/13\/2022\/02\/CMD_icon.jpg\" \/>\n\t\t<meta property=\"og:image:secure_url\" content=\"https:\/\/dentalclermont.com\/wp-content\/uploads\/sites\/13\/2022\/02\/CMD_icon.jpg\" \/>\n\t\t<meta property=\"og:image:width\" content=\"512\" \/>\n\t\t<meta property=\"og:image:height\" content=\"512\" \/>\n\t\t<meta property=\"article:published_time\" content=\"2020-08-26T13:06:05+00:00\" \/>\n\t\t<meta property=\"article:modified_time\" content=\"2026-04-01T16:20:48+00:00\" \/>\n\t\t<meta name=\"twitter:card\" content=\"summary\" \/>\n\t\t<meta name=\"twitter:title\" content=\"Bone Grafts - Clermont Dentistry - Clermont Dentist Near You\" \/>\n\t\t<meta name=\"twitter:description\" content=\"Bone graft dentist near me. Dental emergency and tooth pain care in Clermont, Florida. Contact us at 352-322-4646 to get help now!\" \/>\n\t\t<meta name=\"twitter:image\" content=\"https:\/\/dentalclermont.com\/wp-content\/uploads\/sites\/13\/2022\/02\/CMD_icon.jpg\" \/>\n\t\t<script type=\"application\/ld+json\" class=\"aioseo-schema\">\n\t\t\t{\"@context\":\"https:\\\/\\\/schema.org\",\"@graph\":[{\"@type\":\"BreadcrumbList\",\"@id\":\"https:\\\/\\\/dentalclermont.com\\\/es\\\/bone-grafts\\\/#breadcrumblist\",\"itemListElement\":[{\"@type\":\"ListItem\",\"@id\":\"https:\\\/\\\/dentalclermont.com\\\/es#listItem\",\"position\":1,\"name\":\"Home\",\"item\":\"https:\\\/\\\/dentalclermont.com\\\/es\",\"nextItem\":{\"@type\":\"ListItem\",\"@id\":\"https:\\\/\\\/dentalclermont.com\\\/es\\\/bone-grafts\\\/#listItem\",\"name\":\"Bone Grafts\"}},{\"@type\":\"ListItem\",\"@id\":\"https:\\\/\\\/dentalclermont.com\\\/es\\\/bone-grafts\\\/#listItem\",\"position\":2,\"name\":\"Bone Grafts\",\"previousItem\":{\"@type\":\"ListItem\",\"@id\":\"https:\\\/\\\/dentalclermont.com\\\/es#listItem\",\"name\":\"Home\"}}]},{\"@type\":\"Organization\",\"@id\":\"https:\\\/\\\/dentalclermont.com\\\/es\\\/#organization\",\"name\":\"Clermont Dentistry\",\"description\":\"We do great dentistry!\",\"url\":\"https:\\\/\\\/dentalclermont.com\\\/es\\\/\",\"email\":\"contact@dentalclermont.com\",\"telephone\":\"+13523224646\",\"logo\":{\"@type\":\"ImageObject\",\"url\":\"https:\\\/\\\/dentalclermont.com\\\/wp-content\\\/uploads\\\/2022\\\/01\\\/CMD-0010-001_Logo-750w.png\",\"@id\":\"https:\\\/\\\/dentalclermont.com\\\/es\\\/bone-grafts\\\/#organizationLogo\"},\"image\":{\"@id\":\"https:\\\/\\\/dentalclermont.com\\\/es\\\/bone-grafts\\\/#organizationLogo\"},\"address\":{\"@id\":\"https:\\\/\\\/dentalclermont.com\\\/es\\\/#postaladdress\",\"@type\":\"PostalAddress\",\"streetAddress\":\"1580 Hook St, Suite 200,\",\"postalCode\":\"34711\",\"addressLocality\":\"Clermont\",\"addressRegion\":\"Florida\",\"addressCountry\":\"US\"}},{\"@type\":\"WebPage\",\"@id\":\"https:\\\/\\\/dentalclermont.com\\\/es\\\/bone-grafts\\\/#webpage\",\"url\":\"https:\\\/\\\/dentalclermont.com\\\/es\\\/bone-grafts\\\/\",\"name\":\"Bone Grafts - Clermont Dentistry - Clermont Dentist Near You\",\"description\":\"Bone graft dentist near me. Dental emergency and tooth pain care in Clermont, Florida. Contact us at 352-322-4646 to get help now!\",\"inLanguage\":\"es-ES\",\"isPartOf\":{\"@id\":\"https:\\\/\\\/dentalclermont.com\\\/es\\\/#website\"},\"breadcrumb\":{\"@id\":\"https:\\\/\\\/dentalclermont.com\\\/es\\\/bone-grafts\\\/#breadcrumblist\"},\"datePublished\":\"2020-08-26T13:06:05-04:00\",\"dateModified\":\"2026-04-01T12:20:48-04:00\"},{\"@type\":\"WebSite\",\"@id\":\"https:\\\/\\\/dentalclermont.com\\\/es\\\/#website\",\"url\":\"https:\\\/\\\/dentalclermont.com\\\/es\\\/\",\"name\":\"Clermont Dentistry\",\"description\":\"We do great dentistry!\",\"inLanguage\":\"es-ES\",\"publisher\":{\"@id\":\"https:\\\/\\\/dentalclermont.com\\\/es\\\/#organization\"}}]}\n\t\t<\/script>\n\t\t<!-- All in One SEO Pro -->\r\n\t\t<title>Bone Grafts - Clermont Dentistry - Clermont Dentist Near You<\/title>\n\n","aioseo_head_json":{"title":"Injertos \u00f3seos - Odontolog\u00eda Clermont - Dentista Clermont cerca de usted","description":"Injerto \u00f3seo dentista cerca de m\u00ed. Atenci\u00f3n de emergencia dental y dolor de dientes en Clermont, Florida. \u00a1Contacte con nosotros en 352-322-4646 para obtener ayuda ahora!","canonical_url":"https:\/\/dentalclermont.com\/es\/bone-grafts\/","robots":"max-image-preview:large","keywords":"","webmasterTools":{"miscellaneous":""},"schema":{"@context":"https:\/\/schema.org","@graph":[{"@type":"BreadcrumbList","@id":"https:\/\/dentalclermont.com\/es\/bone-grafts\/#breadcrumblist","itemListElement":[{"@type":"ListItem","@id":"https:\/\/dentalclermont.com\/es#listItem","position":1,"name":"Home","item":"https:\/\/dentalclermont.com\/es","nextItem":{"@type":"ListItem","@id":"https:\/\/dentalclermont.com\/es\/bone-grafts\/#listItem","name":"Bone Grafts"}},{"@type":"ListItem","@id":"https:\/\/dentalclermont.com\/es\/bone-grafts\/#listItem","position":2,"name":"Bone Grafts","previousItem":{"@type":"ListItem","@id":"https:\/\/dentalclermont.com\/es#listItem","name":"Home"}}]},{"@type":"Organization","@id":"https:\/\/dentalclermont.com\/es\/#organization","name":"Clermont Dentistry","description":"We do great dentistry!","url":"https:\/\/dentalclermont.com\/es\/","email":"contact@dentalclermont.com","telephone":"+13523224646","logo":{"@type":"ImageObject","url":"https:\/\/dentalclermont.com\/wp-content\/uploads\/2022\/01\/CMD-0010-001_Logo-750w.png","@id":"https:\/\/dentalclermont.com\/es\/bone-grafts\/#organizationLogo"},"image":{"@id":"https:\/\/dentalclermont.com\/es\/bone-grafts\/#organizationLogo"},"address":{"@id":"https:\/\/dentalclermont.com\/es\/#postaladdress","@type":"PostalAddress","streetAddress":"1580 Hook St, Suite 200,","postalCode":"34711","addressLocality":"Clermont","addressRegion":"Florida","addressCountry":"US"}},{"@type":"WebPage","@id":"https:\/\/dentalclermont.com\/es\/bone-grafts\/#webpage","url":"https:\/\/dentalclermont.com\/es\/bone-grafts\/","name":"Bone Grafts - Clermont Dentistry - Clermont Dentist Near You","description":"Bone graft dentist near me. Dental emergency and tooth pain care in Clermont, Florida. Contact us at 352-322-4646 to get help now!","inLanguage":"es-ES","isPartOf":{"@id":"https:\/\/dentalclermont.com\/es\/#website"},"breadcrumb":{"@id":"https:\/\/dentalclermont.com\/es\/bone-grafts\/#breadcrumblist"},"datePublished":"2020-08-26T13:06:05-04:00","dateModified":"2026-04-01T12:20:48-04:00"},{"@type":"WebSite","@id":"https:\/\/dentalclermont.com\/es\/#website","url":"https:\/\/dentalclermont.com\/es\/","name":"Clermont Dentistry","description":"We do great dentistry!","inLanguage":"es-ES","publisher":{"@id":"https:\/\/dentalclermont.com\/es\/#organization"}}]},"og:locale":"es_ES","og:site_name":"Clermont Dentistry - We do great dentistry!","og:type":"article","og:title":"Bone Grafts - Clermont Dentistry - Clermont Dentist Near You","og:description":"Bone graft dentist near me. Dental emergency and tooth pain care in Clermont, Florida. Contact us at 352-322-4646 to get help now!","og:url":"https:\/\/dentalclermont.com\/es\/bone-grafts\/","og:image":"https:\/\/dentalclermont.com\/wp-content\/uploads\/sites\/13\/2022\/02\/CMD_icon.jpg","og:image:secure_url":"https:\/\/dentalclermont.com\/wp-content\/uploads\/sites\/13\/2022\/02\/CMD_icon.jpg","og:image:width":512,"og:image:height":512,"article:published_time":"2020-08-26T13:06:05+00:00","article:modified_time":"2026-04-01T16:20:48+00:00","twitter:card":"summary","twitter:title":"Bone Grafts - Clermont Dentistry - Clermont Dentist Near You","twitter:description":"Bone graft dentist near me. Dental emergency and tooth pain care in Clermont, Florida. Contact us at 352-322-4646 to get help now!","twitter:image":"https:\/\/dentalclermont.com\/wp-content\/uploads\/sites\/13\/2022\/02\/CMD_icon.jpg"},"aioseo_meta_data":{"post_id":"9776","title":null,"description":null,"keywords":null,"keyphrases":null,"primary_term":null,"canonical_url":null,"og_title":null,"og_description":null,"og_object_type":"default","og_image_type":"default","og_image_url":null,"og_image_width":null,"og_image_height":null,"og_image_custom_url":null,"og_image_custom_fields":null,"og_video":null,"og_custom_url":null,"og_article_section":null,"og_article_tags":null,"twitter_use_og":false,"twitter_card":"default","twitter_image_type":"default","twitter_image_url":null,"twitter_image_custom_url":null,"twitter_image_custom_fields":null,"twitter_title":null,"twitter_description":null,"schema":{"blockGraphs":[],"customGraphs":[],"default":{"data":{"Article":[],"Course":[],"Dataset":[],"FAQPage":[],"Movie":[],"Person":[],"Product":[],"ProductReview":[],"Car":[],"Recipe":[],"Service":[],"SoftwareApplication":[],"WebPage":[]},"graphName":"","isEnabled":true},"graphs":[]},"schema_type":"default","schema_type_options":null,"pillar_content":false,"robots_default":true,"robots_noindex":false,"robots_noarchive":false,"robots_nosnippet":false,"robots_nofollow":false,"robots_noimageindex":false,"robots_noodp":false,"robots_notranslate":false,"robots_max_snippet":null,"robots_max_videopreview":null,"robots_max_imagepreview":"large","priority":null,"frequency":null,"local_seo":null,"seo_analyzer_scan_date":"2026-04-01 17:06:48","breadcrumb_settings":null,"limit_modified_date":false,"reviewed_by":null,"open_ai":null,"ai":null,"created":"2023-10-18 17:08:23","updated":"2026-04-01 18:16:39"},"aioseo_breadcrumb":"<div class=\"aioseo-breadcrumbs\"><span class=\"aioseo-breadcrumb\">\n\t<a href=\"https:\/\/dentalclermont.com\/es\" title=\"Home\">Home<\/a>\n<\/span><span class=\"aioseo-breadcrumb-separator\">&raquo;<\/span><span class=\"aioseo-breadcrumb\">\n\tBone Grafts\n<\/span><\/div>","aioseo_breadcrumb_json":[{"label":"Home","link":"https:\/\/dentalclermont.com\/es"},{"label":"Bone Grafts","link":"https:\/\/dentalclermont.com\/es\/bone-grafts\/"}],"_links":{"self":[{"href":"https:\/\/dentalclermont.com\/es\/wp-json\/wp\/v2\/pages\/9776","targetHints":{"allow":["GET"]}}],"collection":[{"href":"https:\/\/dentalclermont.com\/es\/wp-json\/wp\/v2\/pages"}],"about":[{"href":"https:\/\/dentalclermont.com\/es\/wp-json\/wp\/v2\/types\/page"}],"author":[{"embeddable":true,"href":"https:\/\/dentalclermont.com\/es\/wp-json\/wp\/v2\/users\/2"}],"replies":[{"embeddable":true,"href":"https:\/\/dentalclermont.com\/es\/wp-json\/wp\/v2\/comments?post=9776"}],"version-history":[{"count":0,"href":"https:\/\/dentalclermont.com\/es\/wp-json\/wp\/v2\/pages\/9776\/revisions"}],"wp:attachment":[{"href":"https:\/\/dentalclermont.com\/es\/wp-json\/wp\/v2\/media?parent=9776"}],"curies":[{"name":"wp","href":"https:\/\/api.w.org\/{rel}","templated":true}]}}